{"id":911,"date":"2023-06-06T19:47:22","date_gmt":"2023-06-07T01:47:22","guid":{"rendered":"https:\/\/ubga.org.mx\/?page_id=911"},"modified":"2025-10-07T11:57:11","modified_gmt":"2025-10-07T17:57:11","slug":"eje-social","status":"publish","type":"page","link":"https:\/\/ubga.org.mx\/en\/eje-social\/","title":{"rendered":"EJE SOCIAL"},"content":{"rendered":"<div data-elementor-type=\"wp-page\" data-elementor-id=\"911\" class=\"elementor elementor-911\">\n\t\t\t\t\t\t\t\t\t<section class=\"elementor-section elementor-top-section elementor-element elementor-element-442a0c0 elementor-section-height-min-height elementor-section-stretched elementor-section-boxed elementor-section-height-default elementor-section-items-middle elementor-invisible\" data-id=\"442a0c0\" data-element_type=\"section\" data-settings=\"{&quot;background_background&quot;:&quot;classic&quot;,&quot;animation&quot;:&quot;pulse&quot;,&quot;stretch_section&quot;:&quot;section-stretched&quot;}\">\n\t\t\t\t\t\t<div class=\"elementor-container elementor-column-gap-no\">\n\t\t\t\t\t<div class=\"elementor-column elementor-col-100 elementor-top-column elementor-element elementor-element-22ee10f\" data-id=\"22ee10f\" data-element_type=\"column\">\n\t\t\t<div class=\"elementor-widget-wrap elementor-element-populated\">\n\t\t\t\t\t\t\t\t<div class=\"elementor-element elementor-element-8779358 elementor-widget-mobile__width-initial elementor-widget elementor-widget-heading\" data-id=\"8779358\" data-element_type=\"widget\" data-widget_type=\"heading.default\">\n\t\t\t\t<div class=\"elementor-widget-container\">\n\t\t\t<style>\/*! elementor - v3.13.3 - 28-05-2023 *\/\n.elementor-heading-title{padding:0;margin:0;line-height:1}.elementor-widget-heading .elementor-heading-title[class*=elementor-size-]>a{color:inherit;font-size:inherit;line-height:inherit}.elementor-widget-heading .elementor-heading-title.elementor-size-small{font-size:15px}.elementor-widget-heading .elementor-heading-title.elementor-size-medium{font-size:19px}.elementor-widget-heading .elementor-heading-title.elementor-size-large{font-size:29px}.elementor-widget-heading .elementor-heading-title.elementor-size-xl{font-size:39px}.elementor-widget-heading .elementor-heading-title.elementor-size-xxl{font-size:59px}<\/style><h2 class=\"elementor-heading-title elementor-size-default\">Healthcare<\/h2>\t\t<\/div>\n\t\t\t\t<\/div>\n\t\t\t\t\t<\/div>\n\t\t<\/div>\n\t\t\t\t\t\t\t<\/div>\n\t\t<\/section>\n\t\t\t\t<section class=\"elementor-section elementor-top-section elementor-element elementor-element-40ad97a elementor-section-full_width elementor-section-content-middle elementor-section-stretched elementor-section-height-default elementor-section-height-default\" data-id=\"40ad97a\" data-element_type=\"section\" data-settings=\"{&quot;stretch_section&quot;:&quot;section-stretched&quot;,&quot;background_background&quot;:&quot;classic&quot;}\">\n\t\t\t\t\t\t<div class=\"elementor-container elementor-column-gap-default\">\n\t\t\t\t\t<div class=\"elementor-column elementor-col-100 elementor-top-column elementor-element elementor-element-ba6c60b\" data-id=\"ba6c60b\" data-element_type=\"column\">\n\t\t\t<div class=\"elementor-widget-wrap elementor-element-populated\">\n\t\t\t\t\t\t\t\t<div class=\"elementor-element elementor-element-6bc9be7 elementor-widget__width-initial elementor-widget elementor-widget-html\" data-id=\"6bc9be7\" data-element_type=\"widget\" data-widget_type=\"html.default\">\n\t\t\t\t<div class=\"elementor-widget-container\">\n\t\t\t<div class=\"contenedor-cards\">\n    <div class=\"card-hover\">\n    <img decoding=\"async\" src=\"https:\/\/ubga.org.mx\/wp-content\/uploads\/2023\/05\/New-Project-94.jpg\" alt=\"Imagen\">\n    <div class=\"overlay\">\n        <h4>Jornadas de Atenci\u00f3n M\u00e9dica Gratuita<\/h4>\n        <p>Llevamos asistencia m\u00e9dica itinerante y gratuita a las comunidades m\u00e1s necesitadas del pais<\/p>\n        <a class=\"button\" href=\"https:\/\/ubga.org.mx\/en\/atencion-medica-gratuita\/\">Learn more<\/a>\n    <\/div>\n    <\/div>\n    \n    <div class=\"card-hover\">\n        <img decoding=\"async\" src=\"https:\/\/ubga.org.mx\/wp-content\/uploads\/2023\/05\/New-Project-95.jpg\" alt=\"Imagen\">\n        <div class=\"overlay\">\n            <h4>Programa de promoci\u00f3n a la Salud<\/h4>\n            <p>Nuestro Programa de Promoci\u00f3n a la Salud busca mejorar la calidad de vida de la poblaci\u00f3n y prevenir enfermedades a trav\u00e9s de la educaci\u00f3n y la concientizaci\u00f3n. <\/p>\n            <a class=\"button\" href=\"https:\/\/ubga.org.mx\/en\/promocion-a-la-salud\/\">Learn more<\/a>\n        <\/div>\n    <\/div>\n    \n    <div class=\"card-hover\">\n        <img decoding=\"async\" src=\"https:\/\/ubga.org.mx\/wp-content\/uploads\/2023\/05\/New-Project-97.jpg\" alt=\"Imagen\">\n        <div class=\"overlay\">\n            <h4>Support in the area of health<\/h4>\n            <p>Ayudamos a las personas a superar las barreras que les impiden llevar una vida plena proporcionando dispositivos m\u00e9dicos especializados<\/p>\n            <a class=\"button\" href=\"https:\/\/ubga.org.mx\/en\/apoyos-en-el-area-de-la-salud\/\">Learn more<\/a>\n        <\/div>\n    <\/div>\n    \n    <div class=\"card-hover\">\n        <img decoding=\"async\" src=\"https:\/\/ubga.org.mx\/wp-content\/uploads\/2023\/05\/New-Project-96.jpg\" alt=\"Imagen\">\n        <div class=\"overlay\">\n            <h4>Jornadas de salud infantil<\/h4>\n            <p>Nuestro programa est\u00e1 dise\u00f1ado para brindar atenci\u00f3n m\u00e9dica y dental gratuita a ni\u00f1os de la segunda infancia que carecen de acceso a servicios de salud dental.<\/p>\n            <a class=\"button\" href=\"https:\/\/ubga.org.mx\/en\/programa-de-salud-infantil\/\">Learn more<\/a>\n        <\/div>\n    <\/div>\n<\/div>\t\t<\/div>\n\t\t\t\t<\/div>\n\t\t\t\t\t<\/div>\n\t\t<\/div>\n\t\t\t\t\t\t\t<\/div>\n\t\t<\/section>\n\t\t\t\t<section class=\"elementor-section elementor-top-section elementor-element elementor-element-cc09a7d elementor-section-boxed elementor-section-height-default elementor-section-height-default\" data-id=\"cc09a7d\" data-element_type=\"section\" data-settings=\"{&quot;background_background&quot;:&quot;classic&quot;}\">\n\t\t\t\t\t\t<div class=\"elementor-container elementor-column-gap-no\">\n\t\t\t\t\t<div class=\"elementor-column elementor-col-100 elementor-top-column elementor-element elementor-element-d91cb8a\" data-id=\"d91cb8a\" data-element_type=\"column\">\n\t\t\t<div class=\"elementor-widget-wrap elementor-element-populated\">\n\t\t\t\t\t\t\t\t<section class=\"elementor-section elementor-inner-section elementor-element elementor-element-e411867 elementor-section-content-middle elementor-section-boxed elementor-section-height-default elementor-section-height-default\" data-id=\"e411867\" data-element_type=\"section\">\n\t\t\t\t\t\t<div class=\"elementor-container elementor-column-gap-default\">\n\t\t\t\t\t<div class=\"elementor-column elementor-col-50 elementor-inner-column elementor-element elementor-element-31b18af\" data-id=\"31b18af\" data-element_type=\"column\">\n\t\t\t<div class=\"elementor-widget-wrap elementor-element-populated\">\n\t\t\t\t\t\t\t\t<div class=\"elementor-element elementor-element-64a3105 elementor-align-right elementor-mobile-align-left elementor-widget elementor-widget-button\" data-id=\"64a3105\" data-element_type=\"widget\" data-widget_type=\"button.default\">\n\t\t\t\t<div class=\"elementor-widget-container\">\n\t\t\t\t\t<div class=\"elementor-button-wrapper\">\n\t\t\t<a href=\"https:\/\/ubga.org.mx\/en\/donaciones\/\" class=\"elementor-button-link elementor-button elementor-size-xs\" role=\"button\">\n\t\t\t\t\t\t<span class=\"elementor-button-content-wrapper\">\n\t\t\t\t\t\t\t<span class=\"elementor-button-icon elementor-align-icon-left\">\n\t\t\t\t<i aria-hidden=\"true\" class=\"fas fa-circle\"><\/i>\t\t\t<\/span>\n\t\t\t\t\t\t<span class=\"elementor-button-text\">DONATE<\/span>\n\t\t<\/span>\n\t\t\t\t\t<\/a>\n\t\t<\/div>\n\t\t\t\t<\/div>\n\t\t\t\t<\/div>\n\t\t\t\t\t<\/div>\n\t\t<\/div>\n\t\t\t\t<div class=\"elementor-column elementor-col-50 elementor-inner-column elementor-element elementor-element-d20ca8b\" data-id=\"d20ca8b\" data-element_type=\"column\">\n\t\t\t<div class=\"elementor-widget-wrap elementor-element-populated\">\n\t\t\t\t\t\t\t\t<div class=\"elementor-element elementor-element-d30db5e elementor-widget elementor-widget-text-editor\" data-id=\"d30db5e\" data-element_type=\"widget\" data-widget_type=\"text-editor.default\">\n\t\t\t\t<div class=\"elementor-widget-container\">\n\t\t\t<style>\/*! elementor - v3.13.3 - 28-05-2023 *\/\n.elementor-widget-text-editor.elementor-drop-cap-view-stacked .elementor-drop-cap{background-color:#69727d;color:#fff}.elementor-widget-text-editor.elementor-drop-cap-view-framed .elementor-drop-cap{color:#69727d;border:3px solid;background-color:transparent}.elementor-widget-text-editor:not(.elementor-drop-cap-view-default) .elementor-drop-cap{margin-top:8px}.elementor-widget-text-editor:not(.elementor-drop-cap-view-default) .elementor-drop-cap-letter{width:1em;height:1em}.elementor-widget-text-editor .elementor-drop-cap{float:left;text-align:center;line-height:1;font-size:50px}.elementor-widget-text-editor .elementor-drop-cap-letter{display:inline-block}<\/style>\t\t\t\t<p><strong>HELP NOW:<\/strong> You can make the change together with UBGA. <a href=\"https:\/\/ubga.org.mx\/en\/donaciones\/\"><span style=\"color: #e75300;\">\u2192<\/span><\/a><\/p>\t\t\t\t\t\t<\/div>\n\t\t\t\t<\/div>\n\t\t\t\t\t<\/div>\n\t\t<\/div>\n\t\t\t\t\t\t\t<\/div>\n\t\t<\/section>\n\t\t\t\t\t<\/div>\n\t\t<\/div>\n\t\t\t\t\t\t\t<\/div>\n\t\t<\/section>\n\t\t\t\t\t\t\t<\/div>","protected":false},"excerpt":{"rendered":"<p>Salud Jornadas de Atenci\u00f3n M\u00e9dica Gratuita Llevamos asistencia m\u00e9dica itinerante y gratuita a las comunidades m\u00e1s necesitadas del pais Saber mas Programa de promoci\u00f3n a la Salud Nuestro Programa de&hellip;<\/p>","protected":false},"author":1,"featured_media":0,"parent":0,"menu_order":0,"comment_status":"closed","ping_status":"closed","template":"","meta":{"footnotes":""},"class_list":["post-911","page","type-page","status-publish","hentry"],"_links":{"self":[{"href":"https:\/\/ubga.org.mx\/en\/wp-json\/wp\/v2\/pages\/911","targetHints":{"allow":["GET"]}}],"collection":[{"href":"https:\/\/ubga.org.mx\/en\/wp-json\/wp\/v2\/pages"}],"about":[{"href":"https:\/\/ubga.org.mx\/en\/wp-json\/wp\/v2\/types\/page"}],"author":[{"embeddable":true,"href":"https:\/\/ubga.org.mx\/en\/wp-json\/wp\/v2\/users\/1"}],"replies":[{"embeddable":true,"href":"https:\/\/ubga.org.mx\/en\/wp-json\/wp\/v2\/comments?post=911"}],"version-history":[{"count":88,"href":"https:\/\/ubga.org.mx\/en\/wp-json\/wp\/v2\/pages\/911\/revisions"}],"predecessor-version":[{"id":4480,"href":"https:\/\/ubga.org.mx\/en\/wp-json\/wp\/v2\/pages\/911\/revisions\/4480"}],"wp:attachment":[{"href":"https:\/\/ubga.org.mx\/en\/wp-json\/wp\/v2\/media?parent=911"}],"curies":[{"name":"wp","href":"https:\/\/api.w.org\/{rel}","templated":true}]}}